{"id":3,"date":"2018-09-21T08:08:46","date_gmt":"2018-09-21T06:08:46","guid":{"rendered":"http:\/\/www.bancadellimmobile.com\/immobiliare\/?page_id=3"},"modified":"2019-02-06T11:27:50","modified_gmt":"2019-02-06T10:27:50","slug":"privacy-policy","status":"publish","type":"page","link":"https:\/\/www.bancadellimmobile.com\/immobiliare\/privacy-policy\/","title":{"rendered":"Privacy Policy"},"content":{"rendered":"<p><strong>Privacy Policy &#8211; GDPR<\/strong><br \/>\nDichiarazione Privacy &#8211; Informativa ai sensi del Regolamento UE n. 679\/2016, General Data Protection Regulation, comunemente detto &#8220;GDPR&#8221;<\/p>\n<p>Come previsto dal Regolamento dell&#8217;Unione Europea n. 679\/2016 ( &#8220;GDPR&#8221;), ed in particolare all&#8217;art. 13, si forniscono all&#8217;utente le informazioni richieste dalla normativa relative al trattamento dei propri dati personali.<br \/>\nLa tutela della vostra Privacy \u00e8 uno dei nostri principali obiettivi, infatti effettuiamo periodicamente delle verifiche dell&#8217;efficienza e dell&#8217;adeguatezza delle misure applicate, al fine di garantire la protezione delle banche dati, dei diritti e libert\u00e0 fondamentali delle persone, e dell&#8217;applicazione dei trattamenti dei dati da parte di chi utilizza i nostri servizi.<br \/>\nSecondo le norme del Regolamento, i trattamenti effettuati saranno improntati ai principi di liceit\u00e0, correttezza, trasparenza, limitazione delle finalit\u00e0 e della conservazione, minimizzazione dei dati, esattezza, integrit\u00e0 e riservatezza.<\/p>\n<p><strong>Tipologia di dati raccolti<\/strong><br \/>\nDati forniti volontariamente dall&#8217;utente :<br \/>\nSono i dati forniti dal cliente o dall&#8217;utente volontariamente tramite la compilazione di form, l&#8217;acquisto dei servizi, o l&#8217;invio messaggi email alle nostre caselle email aziendali.<\/p>\n<p><strong>Base giuridica<\/strong><br \/>\nL&#8217;art. 6 par.1, lett. f) GDPR costituisce la base giuridica per l&#8217;elaborazione dei dati. Il trattamento dei dati menzionati \u00e8 necessario per la fornitura dei nostri servizi e serve quindi a proteggere un legittimo interesse della nostra azienda. La base giuridica che legittima il trattamento \u00e8 l&#8217;esistenza di un rapporto di cui l&#8217;interessato \u00e8 parte integrante fondamentale.<br \/>\nNei casi espressamente indicati la base giuridica \u00e8 il consenso liberamente fornito dall&#8217;interessato.<\/p>\n<p><strong>Consenso al trattamento<\/strong><br \/>\nCon la sottoscrizione del contratto di fornitura o di servizio, ovvero con l&#8217;invio volontario di richieste di informazioni o di contatto, l&#8217;interessato presta il proprio consenso al trattamento dei dati personali con le modalit\u00e0 e le finalit\u00e0 descritte nella presente informativa.<br \/>\nIl conferimento dei dati \u00e8 obbligatorio per tutto quanto \u00e8 richiesto dagli obblighi legali e contrattuali e pertanto l&#8217;eventuale rifiuto a fornirli in tutto o in parte pu\u00f2 dar luogo all&#8217;impossibilit\u00e0 di fornire i servizi richiesti.<\/p>\n<p><strong>Modalit\u00e0 di trattamento<\/strong><br \/>\nI dati raccolti saranno trattati mediante strumenti elettronici o comunque automatizzati, informatici e telematici, o mediante elaborazioni manuali con logiche strettamente correlate alle finalit\u00e0 per le quali i dati personali sono stati raccolti e, comunque, in modo da garantirne in ogni caso la sicurezza :<br \/>\n&#8211; Trattati in modo lecito e trasparente nei confronti dell&#8217;interessato<br \/>\n&#8211; Trattati in modo da garantire l&#8217;adeguata sicurezza, compresa la protezione mediante misure tecniche adeguate, contro il trattamento illecito o non autorizzato, perdita\/distruzione per danno accidentale.<\/p>\n<p><strong>Finalit\u00e0<\/strong>:<br \/>\nI dati sono raccolti e trattati per le seguenti finalit\u00e0:<br \/>\n&#8211; Per lo svolgimento delle attivit\u00e0 contrattuali con il cliente<br \/>\n&#8211; Per l&#8217;erogazione del servizio richiesto o consegna della merce<br \/>\n&#8211; Per finalit\u00e0 amministrative e per l&#8217;adempimento di obblighi di legge quali ad esempio quelli di natura contabile, fiscale, o per dar corso a richieste dell&#8217;autorit\u00e0 giudiziaria<br \/>\n&#8211; Per consentire le comunicazioni e le richieste inoltrate per via telefonica, telematica ed elettronica<br \/>\n&#8211; Servizi di controllo interno (della sicurezza, della produttivit\u00e0, della qualit\u00e0 dei servizi, dell&#8217;integrit\u00e0 patrimonio)<br \/>\n&#8211; Per fornire assistenza tecnica al cliente ed ai propri utenti<br \/>\n&#8211; In presenza di specifico consenso, per l&#8217;invio periodico, tramite email, di newsletter e materiale pubblicitario.<\/p>\n<p><strong>Misure di sicurezza e protezione dei dati<\/strong><br \/>\nCi impegniamo a proteggere la privacy e a trattare i dati personali in modo riservato. Al fine di evitare manipolazioni, perdita o uso improprio dei dati archiviati, adottiamo misure tecniche e organizzative approfondite, che vengono regolarmente controllate e adattate al progresso tecnologico.<br \/>\nTuttavia, vorremmo sottolineare che, a causa della struttura di Internet, \u00e8 possibile che le norme sulla protezione dei dati e le misure di sicurezza sopra menzionate non siano osservate da altre persone o istituzioni per le quali non siamo responsabili.<br \/>\nIn particolare i dati non crittografati, ad es. trasmessi via e-mail, potrebbero essere letti da terzi. Non abbiamo alcun potere di intervento in merito a quanto sopra. E&#8217; responsabilit\u00e0 dell&#8217;utente proteggere i dati da lui forniti contro l&#8217;uso improprio mediante crittografia o in altro modo.<br \/>\nPer l&#8217;accesso agli strumenti informatici utilizzati durante la raccolta, consultazione ed archiviazione dei dati, il titolare e responsabile del trattamento ha messo in atto tutte le misure tecniche e organizzative necessarie per garantire un adeguato livello di sicurezza, evitando la possibilit\u00e0 di divulgazione non autorizzata ed assicurando cos\u00ec la riservatezza, l&#8217;integrit\u00e0, la disponibilit\u00e0 dei dati oltre che, in caso di incidente fisico o tecnico, per assicurare la capacit\u00e0 di ripristino dei dati stessi in tempi brevi.<\/p>\n<p><strong>Tempi di conservazione<\/strong><br \/>\nI dati vengono conservati per il tempo strettamente necessario alla gestione delle finalit\u00e0 per le quali i dati stessi sono raccolti nel rispetto delle norme vigenti e degli obblighi di legge.<br \/>\nI dati obbligatori ai fini contrattuali e fiscali sono conservati per il tempo necessario allo svolgimento del rapporto contrattuale e fiscale e alla durata derivante dagli obblighi che da esso scaturiscono.<br \/>\nI dati facoltativi, raccolti con l&#8217;esplicito consenso dell&#8217;interessato, sono conservati fino alla richiesta di revoca o alla cessazione del rapporto di relazione contrattuale.<\/p>\n<p><strong>Destinatari o Categorie di destinatari dei dati personali<\/strong><br \/>\nIl trattamento dei dati raccolti \u00e8 effettuato da personale interno a tal fine individuato e autorizzato del trattamento secondo specifiche istruzioni impartite nel rispetto della normativa vigente.<br \/>\nI dati raccolti, qualora sia necessario o strumentale per l&#8217;esecuzione delle indicate finalit\u00e0, potranno essere trattati da terzi nominati Responsabili esterni del trattamento, ovvero, a seconda dei casi, comunicati agli stessi quali autonomi titolari, e precisamente:<br \/>\nPersone, societ\u00e0, associazioni o studi professionali che prestino attivit\u00e0 di assistenza e consulenza alla nostra Societ\u00e0 :<br \/>\n&#8211; Societ\u00e0, enti, associazioni che svolgono servizi connessi e strumentali alla esecuzione delle finalit\u00e0 sopra indicate (servizio di analisi e ricerche di mercato, gestione pagamenti , manutenzione dei sistemi informatici)<br \/>\n&#8211; Banche e istituti di credito<br \/>\n&#8211; Consulenti, Studi legali e liberi professionisti anche in forma associata<br \/>\n&#8211; Responsabili del Trattamento interni o esterni e Persone autorizzate<br \/>\n&#8211; Soggetti, imprese o enti strettamente connessi alla finalit\u00e0 prevista<br \/>\n&#8211; Societ\u00e0 che effettuano il servizio di logistica di magazzino e trasporto.<\/p>\n<p><strong>Diritti dell&#8217;interessato<\/strong><br \/>\nI soggetti cui si riferiscono i dati personali hanno il diritto in qualunque momento di ottenere la conferma dell&#8217;esistenza o meno dei medesimi dati e di conoscerne il contenuto e l&#8217;origine, verificarne l&#8217;esattezza, chiederne l&#8217;aggiornamento, oppure la rettificazione. I soggetti cui si riferiscono i dati personali hanno altres\u00ec il diritto di chiedere la cancellazione, la trasformazione in forma anonima o la limitazione di utilizzo dei dati trattati in violazione di legge, nonch\u00e8 di opporsi in ogni caso, per motivi legittimi, al loro trattamento.<\/p>\n<p><strong>Titolare del trattamento e Responsabile trattamento e protezione dati<\/strong><br \/>\nIl Responsabile del Trattamento, cui \u00e8 possibile rivolgersi per esercitare i diritti e\/o per eventuali chiarimenti in materia di tutela dati personali, \u00e8 raggiungibile inviando un&#8217;email all&#8217;indirizzo e-mail sotto indicato:<\/p>\n<p>Banca dell&#8217;Immobile di Eban FRIGENI<br \/>\nPiazza Vittorio Emanuele II,  n. 16<br \/>\n24030 Bonate Sopra (Bg)<br \/>\nPartita IVA 03224480164<br \/>\nTel. 035.4942998 \/ Fax 035.4943144<br \/>\nE-mail: bonate@bancadellimmobile.it<br \/>\nPEC : bancaimmobile@mailcertificata.org<\/p>\n<p>Per l&#8217;esercizio dei diritti riconosciuti dall&#8217;Articolo 7 del D. Legislativo n. 196\/2003 ci si pu\u00f2 rivolgere al responsabile per la privacy : Eban FRIGENI.<\/p>\n<p><strong>Link e collegamenti<\/strong><br \/>\nbancadellimmobile.it pu\u00f2 contenere link a pagine e\/o siti web esterni al sito &#8211; &#8220;Banca dell&#8217;Immobile&#8221; &#8211; non si ritiene responsabile del contenuto, informazioni e\/o servizi presenti in suddette pagine o Siti Web.<\/p>\n<p><strong>Avvertenze<\/strong><br \/>\n&#8220;Banca dell&#8217;Immobile&#8221; non pu\u00f2 garantire l&#8217;esattezza e\/o l&#8217;esaustivit\u00e0 delle informazioni messe a disposizione su questo sito. Tuttavia, le informazioni e presentazioni contenute nelle pagine di questo sito sono fornite a titolo puramente indicativo e restano suscettibili di modifiche in qualsiasi momento e senza preavviso. Sebbene la massima cura venga presa nel fornire le informazioni su questo sito web, &#8220;Banca dell&#8217;Immobile&#8221; non ne garantisce l&#8217;utilit\u00e0 l&#8217;esattezza o completezza delle informazioni riportate.<br \/>\nIn nessun caso la societ\u00e0 potr\u00e0 essere ritenuta responsabile dei danni causati dal Vostro affidamento alla veridicit\u00e0 di tali informazioni. I documenti presenti in questo sito possono contenere non accurati dettagli tecnici ed errori tipografici. &#8220;Banca dell&#8217;Immobile&#8221; non sar\u00e0 responsabile di eventuali danni, inclusa la responsabilit\u00e0 associata alla diffusione di virus all&#8217;apparecchiatura informatica dell&#8217;utente. E&#8217; responsabilit\u00e0 del visitatore prendere ogni precauzione necessaria per assicurarsi che qualsiasi cosa decida di prelevare e utilizzare sia privo di elementi di carattere distruttivo quali virus, worm e cavalli di Troia. &#8220;Banca dell&#8217;Immobile&#8221; non intende violare alcun Copyright. Le informazioni e le immagini qui raccolte sono, al meglio della nostra conoscenza, di pubblico dominio. Se, involontariamente, \u00e8 stato pubblicato materiale soggetto a copyright o in violazione alla legge si prega di comunicarlo e provvederemo immediatamente alla rimozione. Nomi di prodotti, nomi corporativi e societ\u00e0 citati possono essere marchi di propriet\u00e0 dei rispettivi titolari o marchi registrati di altre societ\u00e0 e sono stati utilizzati a puro scopo esplicativo e a beneficio del possessore, senza alcun fine di violazione dei diritti di Copyright vigenti.<br \/>\n&#8220;Banca dell&#8217;Immobile&#8221; declina qualsiasi responsabilit\u00e0 per danni diretti o indiretti, infortunio, perdita di opportunit\u00e0 o profitto derivanti dall&#8217;accesso o dall&#8217;impossibilit\u00e0 di accesso al sito da parte degli utenti o da elementi scaricati o utilizzati dal\/sul sito. Tale limitazione comprende eventuali danni o virus che possano compromettere la funzionalit\u00e0 delle apparecchiature informatiche dell&#8217;utente.<\/p>\n<p><strong>Cookie<\/strong><br \/>\nIl visitatore viene informato che la consultazione del sito www.bancadellimmobile.it \u00e8 possibile senza dover rivelare la propria identit\u00e0 o altra informazione di carattere personale. Il visitatore viene informato che durante le sue visite sul sito \u00e8 possibile che un cookie si installi automaticamente sul suo software di navigazione.<br \/>\nIl cookie \u00e8 un blocco di dati che non permette di identificare il visitatore ma che registra delle informazioni relative alla navigazione di questi sul sito. L&#8217;impiego di questi cookie ha come scopo quello di procedere ad analisi di frequentazione, a misure dell&#8217;audience, ecc. al fine di migliorare la qualit\u00e0 del sito. La configurazione del software di navigazione permette di informare sulla presenza del cookie ed eventualmente di rifiutarlo impostando il browser in maniera idonea.<\/p>\n<p><strong>Notifica di copyright<\/strong><br \/>\nTutte le componenti del sito web sono protette da leggi commerciali ed altre leggi e non possono quindi essere copiate o imitate n\u00e8 per intero n\u00e8 in parte. Il logo la grafica e le immagini del sito web non possono essere copiate o ritrasmesse senza l&#8217;esplicito consenso di &#8220;Banca dell&#8217;Immobile&#8221; Tutti i testi prelevati da altre fonti, nomi commerciali, sono anch&#8217;essi protetti dai Diritti di Autore e di propriet\u00e0 dei rispettivi Marchi Proprietari. L&#8217;uso inopportuno di ogni marchio che appare sul Sito Web, o di qualsiasi altro contenuto del Sito Web, tranne quanto qui indicato, \u00e8 severamente proibito. Rimane fermo, in ogni caso, il divieto di farne uso nei modi qui non consentiti o vietati dalle legge.<\/p>\n<p><strong>Condizioni d&#8217;uso<\/strong><br \/>\nOgni utente che accede al sito www.bancadellimmobile.it si impegna a rispettare le presenti condizioni d&#8217;utilizzo : Ogni persona \u00e8 responsabile dei dati che diffonde, utilizza e\/o trasferisce, e s&#8217;impegna a tal proposito a rispettare il regolamento in vigore, soprattutto quello riguardante i contenuti palesemente illeciti (attacchi al buon costume, incitamento all&#8217;odio razziale, ecc.) o la protezione dei diritti di terzi (diritti di propriet\u00e0 intellettuale, ecc.).<br \/>\n&#8220;Banca dell&#8217;Immobile&#8221; non \u00e8 responsabile dell&#8217;uso dei dati, del contenuto diffuso o delle prestazioni da parte di un&#8217;altra persona che usualmente non rispetterebbe il regolamento in vigore.<\/p>\n","protected":false},"excerpt":{"rendered":"<p>Privacy Policy &#8211; GDPR Dichiarazione Privacy &#8211; Informativa ai sensi del Regolamento UE n. 679\/2016, General Data Protection Regulation, comunemente detto &#8220;GDPR&#8221; Come previsto dal Regolamento dell&#8217;Unione Europea n. 679\/2016 ( &#8220;GDPR&#8221;), ed in particolare all&#8217;art. 13, si forniscono all&#8217;utente le informazioni richieste dalla normativa relative al trattamento dei propri dati personali. La tutela della vostra Privacy \u00e8 uno dei nostri principali obiettivi, infatti &#8230;<\/p>\n","protected":false},"author":1,"featured_media":0,"parent":0,"menu_order":0,"comment_status":"closed","ping_status":"open","template":"","meta":[],"_links":{"self":[{"href":"https:\/\/www.bancadellimmobile.com\/immobiliare\/wp-json\/wp\/v2\/pages\/3"}],"collection":[{"href":"https:\/\/www.bancadellimmobile.com\/immobiliare\/wp-json\/wp\/v2\/pages"}],"about":[{"href":"https:\/\/www.bancadellimmobile.com\/immobiliare\/wp-json\/wp\/v2\/types\/page"}],"author":[{"embeddable":true,"href":"https:\/\/www.bancadellimmobile.com\/immobiliare\/wp-json\/wp\/v2\/users\/1"}],"replies":[{"embeddable":true,"href":"https:\/\/www.bancadellimmobile.com\/immobiliare\/wp-json\/wp\/v2\/comments?post=3"}],"version-history":[{"count":2,"href":"https:\/\/www.bancadellimmobile.com\/immobiliare\/wp-json\/wp\/v2\/pages\/3\/revisions"}],"predecessor-version":[{"id":19605,"href":"https:\/\/www.bancadellimmobile.com\/immobiliare\/wp-json\/wp\/v2\/pages\/3\/revisions\/19605"}],"wp:attachment":[{"href":"https:\/\/www.bancadellimmobile.com\/immobiliare\/wp-json\/wp\/v2\/media?parent=3"}],"curies":[{"name":"wp","href":"https:\/\/api.w.org\/{rel}","templated":true}]}}